{"id":15,"date":"2024-03-13T16:29:08","date_gmt":"2024-03-13T15:29:08","guid":{"rendered":"https:\/\/www.soinsomega.com\/?page_id=15"},"modified":"2024-03-15T07:58:35","modified_gmt":"2024-03-15T06:58:35","slug":"nettoyage-des-memoires-cellulaires","status":"publish","type":"page","link":"https:\/\/www.soinsomega.com\/?page_id=15","title":{"rendered":"NETTOYAGE DES M\u00c9MOIRES CELLULAIRES"},"content":{"rendered":"<div  class='flex_column av-1h5qv-89f25adf4248f91cdf5cadbf5e89343e av_one_fourth  avia-builder-el-0  el_before_av_one_half  avia-builder-el-first  first flex_column_div  '     ><\/div>\n<div  class='flex_column av-pbcr-4670a0fd27da0f49bee05bedc6fcb74c av_one_half  avia-builder-el-1  el_after_av_one_fourth  avia-builder-el-last  flex_column_div  '     ><p>\n<style type=\"text\/css\" data-created_by=\"avia_inline_auto\" id=\"style-css-av-ltpyhvgd-e263b8764f03fa50ab52effb24a5818e\">\n#top .av-special-heading.av-ltpyhvgd-e263b8764f03fa50ab52effb24a5818e{\npadding-bottom:10px;\n}\nbody .av-special-heading.av-ltpyhvgd-e263b8764f03fa50ab52effb24a5818e .av-special-heading-tag .heading-char{\nfont-size:25px;\n}\n.av-special-heading.av-ltpyhvgd-e263b8764f03fa50ab52effb24a5818e .av-subheading{\nfont-size:15px;\n}\n<\/style>\n<div  class='av-special-heading av-ltpyhvgd-e263b8764f03fa50ab52effb24a5818e av-special-heading-h3 blockquote modern-quote  avia-builder-el-2  el_before_av_textblock  avia-builder-el-first '><h3 class='av-special-heading-tag'  itemprop=\"headline\"  >Nettoyage des M\u00e9moires Cellulaires &#8211; Integrated Energy Therapy<\/h3><div class=\"special-heading-border\"><div class=\"special-heading-inner-border\"><\/div><\/div><\/div><br \/>\n<section  class='av_textblock_section av-ltpyi9q0-d343274b60215bd5da7eb1471ec49486 '   itemscope=\"itemscope\" itemtype=\"https:\/\/schema.org\/CreativeWork\" ><div class='avia_textblock'  itemprop=\"text\" ><p>Cet outil \u00e0 \u00e9t\u00e9 mis au point par un ma\u00eetre Reiki Stevan J. Thayer \u00e0 partir de 1987. Il a ainsi d\u00e9couvert toute une s\u00e9rie de points dans lesquels des m\u00e9moires cellulaires sont refoul\u00e9es en profondeur.<\/p>\n<p>Dans notre parcours, le flux d&rsquo;\u00e9nergie peut se restreindre \u00e0 certains endroits. Cela entra\u00eene des stagnations \u00e9nerg\u00e9tiques. Les causes de ces blocages sont d&rsquo;origines diverses: trauma, op\u00e9ration chirurgicale, crise \u00e9motionnelle, sentiment r\u00e9prim\u00e9, stress, peur, pens\u00e9e limitative,&#8230; Tous ces probl\u00e8mes limitent notre exp\u00e9rience, notre d\u00e9veloppement et peuvent mener \u00e0 des fatigues, des dysfonctionnements et des maladies diverses.<\/p>\n<p>Le travail \u00e9nerg\u00e9tique de l&rsquo;IET agit donc principalement sur ces points et permet des lib\u00e9rations spectaculaires suivant la volont\u00e9 du receveur. L&rsquo;\u00e9norme avantage tient dans le fait que ces probl\u00e8mes peuvent se r\u00e9soudre sans verbalisation et sans la compr\u00e9hension mentale. Cela permet ainsi d&rsquo;obtenir des gu\u00e9risons profondes qui ne seraient accessibles qu&rsquo;apr\u00e8s des ann\u00e9es de th\u00e9rapies traditionnelles.<\/p>\n<p>Le travail s&rsquo;articule principalement autour des sentiments suivants: culpabilit\u00e9, m\u00e9fiance, honte, menace, peines de coeur, trahison, ressentiment, col\u00e8re, stress, impuissance, et peurs.<\/p>\n<p>Sur rendez-vous.<br \/>\nLieu: Bruxelles, 1190.<br \/>\nUne s\u00e9ance de soin dure 1 heure.<br \/>\nTarif: 80 euros.<br \/>\nTel: 0485 83 05 34.<\/p>\n<\/div><\/section><\/p><\/div>\n","protected":false},"excerpt":{"rendered":"","protected":false},"author":1,"featured_media":0,"parent":0,"menu_order":0,"comment_status":"closed","ping_status":"closed","template":"","meta":{"footnotes":""},"class_list":["post-15","page","type-page","status-publish","hentry"],"_links":{"self":[{"href":"https:\/\/www.soinsomega.com\/index.php?rest_route=\/wp\/v2\/pages\/15","targetHints":{"allow":["GET"]}}],"collection":[{"href":"https:\/\/www.soinsomega.com\/index.php?rest_route=\/wp\/v2\/pages"}],"about":[{"href":"https:\/\/www.soinsomega.com\/index.php?rest_route=\/wp\/v2\/types\/page"}],"author":[{"embeddable":true,"href":"https:\/\/www.soinsomega.com\/index.php?rest_route=\/wp\/v2\/users\/1"}],"replies":[{"embeddable":true,"href":"https:\/\/www.soinsomega.com\/index.php?rest_route=%2Fwp%2Fv2%2Fcomments&post=15"}],"version-history":[{"count":3,"href":"https:\/\/www.soinsomega.com\/index.php?rest_route=\/wp\/v2\/pages\/15\/revisions"}],"predecessor-version":[{"id":69,"href":"https:\/\/www.soinsomega.com\/index.php?rest_route=\/wp\/v2\/pages\/15\/revisions\/69"}],"wp:attachment":[{"href":"https:\/\/www.soinsomega.com\/index.php?rest_route=%2Fwp%2Fv2%2Fmedia&parent=15"}],"curies":[{"name":"wp","href":"https:\/\/api.w.org\/{rel}","templated":true}]}}