{"id":18,"date":"2024-03-13T16:30:53","date_gmt":"2024-03-13T15:30:53","guid":{"rendered":"https:\/\/www.soinsomega.com\/?page_id=18"},"modified":"2024-03-15T07:58:49","modified_gmt":"2024-03-15T06:58:49","slug":"praticien","status":"publish","type":"page","link":"https:\/\/www.soinsomega.com\/?page_id=18","title":{"rendered":"PRATICIEN"},"content":{"rendered":"<div  class='flex_column av-1g7ya-5ce37749fe8b004f2d9f7072cd9651a1 av_one_fourth  avia-builder-el-0  el_before_av_one_half  avia-builder-el-first  first flex_column_div  '     ><style type=\"text\/css\" data-created_by=\"avia_inline_auto\" id=\"style-css-av-ltpzf9f8-e0cb745fdac7007a72a665dd9cf56261\">\n.avia-image-container.av-ltpzf9f8-e0cb745fdac7007a72a665dd9cf56261 img.avia_image{\nbox-shadow:none;\n}\n.avia-image-container.av-ltpzf9f8-e0cb745fdac7007a72a665dd9cf56261 .av-image-caption-overlay-center{\ncolor:#ffffff;\n}\n<\/style>\n<div  class='avia-image-container av-ltpzf9f8-e0cb745fdac7007a72a665dd9cf56261 av-styling- avia-align-center  avia-builder-el-1  avia-builder-el-no-sibling '   itemprop=\"image\" itemscope=\"itemscope\" itemtype=\"https:\/\/schema.org\/ImageObject\" ><div class=\"avia-image-container-inner\"><div class=\"avia-image-overlay-wrap\"><img decoding=\"async\" fetchpriority=\"high\" class='wp-image-53 avia-img-lazy-loading-not-53 avia_image ' src=\"https:\/\/www.soinsomega.com\/wp-content\/uploads\/2024\/03\/portrait-250px.jpg\" alt='' title='portrait 250px'  height=\"167\" width=\"170\"  itemprop=\"thumbnailUrl\" srcset=\"https:\/\/www.soinsomega.com\/wp-content\/uploads\/2024\/03\/portrait-250px.jpg 170w, https:\/\/www.soinsomega.com\/wp-content\/uploads\/2024\/03\/portrait-250px-80x80.jpg 80w, https:\/\/www.soinsomega.com\/wp-content\/uploads\/2024\/03\/portrait-250px-36x36.jpg 36w\" sizes=\"(max-width: 170px) 100vw, 170px\" \/><\/div><\/div><\/div><\/div><div  class='flex_column av-v0oi-70d8e0c67b1997f2a5584529ce6f77c8 av_one_half  avia-builder-el-2  el_after_av_one_fourth  avia-builder-el-last  flex_column_div  '     ><p>\n<style type=\"text\/css\" data-created_by=\"avia_inline_auto\" id=\"style-css-av-ltpyjigd-29fd90e28b1b2474b591c5fe09c93340\">\n#top .av-special-heading.av-ltpyjigd-29fd90e28b1b2474b591c5fe09c93340{\npadding-bottom:10px;\n}\nbody .av-special-heading.av-ltpyjigd-29fd90e28b1b2474b591c5fe09c93340 .av-special-heading-tag .heading-char{\nfont-size:25px;\n}\n.av-special-heading.av-ltpyjigd-29fd90e28b1b2474b591c5fe09c93340 .av-subheading{\nfont-size:15px;\n}\n<\/style>\n<div  class='av-special-heading av-ltpyjigd-29fd90e28b1b2474b591c5fe09c93340 av-special-heading-h3 blockquote modern-quote  avia-builder-el-3  el_before_av_textblock  avia-builder-el-first '><h3 class='av-special-heading-tag'  itemprop=\"headline\"  >Praticien : Gianni Candido<\/h3><div class=\"special-heading-border\"><div class=\"special-heading-inner-border\"><\/div><\/div><\/div><br \/>\n<section  class='av_textblock_section av-ltpyjr8j-09e45f539cc127eb5c77f3a632ed9655 '   itemscope=\"itemscope\" itemtype=\"https:\/\/schema.org\/CreativeWork\" ><div class='avia_textblock'  itemprop=\"text\" ><p>J&rsquo;ai d\u00e9couvert l&rsquo;\u00e9norme potentiel de ces outils dans mon propre processus de d\u00e9veloppement personnel.<\/p>\n<p>Convaincu par les possibilit\u00e9s qu&rsquo;elles offrent, je me consacre \u00e0 ces m\u00e9thodes de soins \u00e9nerg\u00e9tiques depuis plus de dix ans et vous les propose sous forme de soins ou d&rsquo;initiations.<\/p>\n<p>Nulle doute qu&rsquo;elles vous aideront dans votre \u00e9volution de conscience durant cette p\u00e9riode de grands changements.<\/p>\n<\/div><\/section><br \/>\n\n<style type=\"text\/css\" data-created_by=\"avia_inline_auto\" id=\"style-css-av-ltpykaco-aa6e994bdb4dffa6a1074cba67e7a268\">\n#top .av-special-heading.av-ltpykaco-aa6e994bdb4dffa6a1074cba67e7a268{\npadding-bottom:10px;\n}\nbody .av-special-heading.av-ltpykaco-aa6e994bdb4dffa6a1074cba67e7a268 .av-special-heading-tag .heading-char{\nfont-size:25px;\n}\n.av-special-heading.av-ltpykaco-aa6e994bdb4dffa6a1074cba67e7a268 .av-subheading{\nfont-size:15px;\n}\n<\/style>\n<div  class='av-special-heading av-ltpykaco-aa6e994bdb4dffa6a1074cba67e7a268 av-special-heading-h3 blockquote modern-quote  avia-builder-el-5  el_after_av_textblock  el_before_av_textblock '><h3 class='av-special-heading-tag'  itemprop=\"headline\"  >Formations et f\u00e9d\u00e9rations:<\/h3><div class=\"special-heading-border\"><div class=\"special-heading-inner-border\"><\/div><\/div><\/div><br \/>\n<section  class='av_textblock_section av-ltpykj6a-f6e41254cf4e2a5d7827128f53f2dab8 '   itemscope=\"itemscope\" itemtype=\"https:\/\/schema.org\/CreativeWork\" ><div class='avia_textblock'  itemprop=\"text\" ><p>+ Ma\u00eetre-enseignant Reiki Usui (Dipl\u00f4m\u00e9 4\u00e8me degr\u00e9 Alliance Espagnole &#8211; Usui Shiki Ryoho).<\/p>\n<p>+ Ma\u00eetre-enseignant Reiki Karuna\u00ae (Dipl\u00f4m\u00e9 International Center for Reiki Training &#8211; Reg. number. FRP-08-144 ).<\/p>\n<p>+ Praticien Restructuration Energ\u00e9tique (Dipl\u00f4m\u00e9 par la fondatrice Monique Lapointe).<\/p>\n<p>+ Praticien IET\u00ae (Integrated Energy Therapy) &#8211; Nettoyage de m\u00e9moires cellulaires.<\/p>\n<\/div><\/section><\/p><\/div><\/p>\n","protected":false},"excerpt":{"rendered":"","protected":false},"author":1,"featured_media":0,"parent":0,"menu_order":0,"comment_status":"closed","ping_status":"closed","template":"","meta":{"footnotes":""},"class_list":["post-18","page","type-page","status-publish","hentry"],"_links":{"self":[{"href":"https:\/\/www.soinsomega.com\/index.php?rest_route=\/wp\/v2\/pages\/18","targetHints":{"allow":["GET"]}}],"collection":[{"href":"https:\/\/www.soinsomega.com\/index.php?rest_route=\/wp\/v2\/pages"}],"about":[{"href":"https:\/\/www.soinsomega.com\/index.php?rest_route=\/wp\/v2\/types\/page"}],"author":[{"embeddable":true,"href":"https:\/\/www.soinsomega.com\/index.php?rest_route=\/wp\/v2\/users\/1"}],"replies":[{"embeddable":true,"href":"https:\/\/www.soinsomega.com\/index.php?rest_route=%2Fwp%2Fv2%2Fcomments&post=18"}],"version-history":[{"count":5,"href":"https:\/\/www.soinsomega.com\/index.php?rest_route=\/wp\/v2\/pages\/18\/revisions"}],"predecessor-version":[{"id":70,"href":"https:\/\/www.soinsomega.com\/index.php?rest_route=\/wp\/v2\/pages\/18\/revisions\/70"}],"wp:attachment":[{"href":"https:\/\/www.soinsomega.com\/index.php?rest_route=%2Fwp%2Fv2%2Fmedia&parent=18"}],"curies":[{"name":"wp","href":"https:\/\/api.w.org\/{rel}","templated":true}]}}