{"id":78,"date":"2024-03-15T08:03:19","date_gmt":"2024-03-15T07:03:19","guid":{"rendered":"https:\/\/www.soinsomega.com\/?page_id=78"},"modified":"2024-03-15T08:04:48","modified_gmt":"2024-03-15T07:04:48","slug":"reiki-usui-reiki-karuna-2","status":"publish","type":"page","link":"https:\/\/www.soinsomega.com\/?page_id=78","title":{"rendered":"REIKI USUI &#8211; KARUNA"},"content":{"rendered":"<div  class='flex_column av-1ofh8-75494b0403db76809de1892ed05a3a20 av_one_fourth  avia-builder-el-0  el_before_av_one_half  avia-builder-el-first  first flex_column_div  '     ><\/div>\n<div  class='flex_column av-13yts-f0a55bcc9f69dc3d4eaeb8998035fdf7 av_one_half  avia-builder-el-1  el_after_av_one_fourth  avia-builder-el-last  flex_column_div  '     ><p>\n<style type=\"text\/css\" data-created_by=\"avia_inline_auto\" id=\"style-css-av-ltpyljes-f3ab1819305fc5ab75464ef5c5d758c6\">\n#top .av-special-heading.av-ltpyljes-f3ab1819305fc5ab75464ef5c5d758c6{\npadding-bottom:10px;\n}\nbody .av-special-heading.av-ltpyljes-f3ab1819305fc5ab75464ef5c5d758c6 .av-special-heading-tag .heading-char{\nfont-size:25px;\n}\n.av-special-heading.av-ltpyljes-f3ab1819305fc5ab75464ef5c5d758c6 .av-subheading{\nfont-size:15px;\n}\n<\/style>\n<div  class='av-special-heading av-ltpyljes-f3ab1819305fc5ab75464ef5c5d758c6 av-special-heading-h3 blockquote modern-quote  avia-builder-el-2  el_before_av_textblock  avia-builder-el-first '><h3 class='av-special-heading-tag'  itemprop=\"headline\"  >Reiki Usui &#8211; Reiki Karuna<\/h3><div class=\"special-heading-border\"><div class=\"special-heading-inner-border\"><\/div><\/div><\/div><br \/>\n<section  class='av_textblock_section av-ltpym104-6f1485e138a30bdde3f11f253e387c37 '   itemscope=\"itemscope\" itemtype=\"https:\/\/schema.org\/CreativeWork\" ><div class='avia_textblock'  itemprop=\"text\" ><p>Le reiki est une m\u00e9thode naturelle d&rsquo;harmonisation \u00e9nerg\u00e9tique, de d\u00e9tente et de gu\u00e9rison naturelle par imposition des mains. Il a une origine tr\u00e8s ancienne car on le retrouve dans les soutras tib\u00e9tains qui datent de 2500 ans. Cette m\u00e9thode fut red\u00e9couverte vers la fin du 19\u00e8me si\u00e8cle par un japonais, le Dr MIKAO USUI (1865-1926).<\/p>\n<p>Recevoir une s\u00e9ance de Reiki apporte de la d\u00e9tente, du bien-\u00eatre, du dynamisme au syst\u00e8me immunitaire, lib\u00e8re les tensions, les blocages ; il est un moyen compl\u00e9mentaire d&rsquo;aide \u00e0 la gu\u00e9rison et \u00e0 l&rsquo;auto-gu\u00e9rison.<\/p>\n<p>En traitant les causes profondes des maladies, l&rsquo;\u00e9nergie Reiki r\u00e9harmonise la circulation de l&rsquo;\u00e9nergie et r\u00e9\u00e9quilibre le syst\u00e8me entier, permettant ainsi la disparition des sympt\u00f4mes sur le plan physique.<\/p>\n<p>L&rsquo;\u00e9nergie curative du Reiki, canalis\u00e9e par le th\u00e9rapeute sous forme concentr\u00e9e et transmise par imposition des mains, p\u00e9n\u00e8tre dans le corps du sujet trait\u00e9. Ensuite, selon son intelligence propre et au rythme du receveur, elle d\u00e9tecte et d\u00e9noue les noeuds \u00e9nerg\u00e9tiques, favorisant ainsi la gu\u00e9rison.<\/p>\n<p>Cette \u00e9nergie agit dans les domaines suivants:<\/p>\n<p>. r\u00e9duit le stress<br \/>\n. effet r\u00e9gulateur sur les organes et les glandes<br \/>\n. effet sur les blocages et les \u00e9motions refoul\u00e9es<br \/>\n. favorise l&rsquo;auto-gu\u00e9rison naturelle<br \/>\n. soulage les douleurs locales<br \/>\n. accro\u00eet et harmonise l&rsquo;\u00e9nergie corporelle<br \/>\n. renforce le syst\u00e8me immunitaire<br \/>\n. &#8230;<\/p>\n<p>Le ressenti durant la s\u00e9ance varie en fonction de la sensibilit\u00e9 de chaque patient.<\/p>\n<\/div><\/section><br \/>\n\n<style type=\"text\/css\" data-created_by=\"avia_inline_auto\" id=\"style-css-av-ltpymk7u-0607fd1d29bc1514159b1aaadd2780ad\">\n#top .av-special-heading.av-ltpymk7u-0607fd1d29bc1514159b1aaadd2780ad{\npadding-bottom:10px;\n}\nbody .av-special-heading.av-ltpymk7u-0607fd1d29bc1514159b1aaadd2780ad .av-special-heading-tag .heading-char{\nfont-size:25px;\n}\n.av-special-heading.av-ltpymk7u-0607fd1d29bc1514159b1aaadd2780ad .av-subheading{\nfont-size:15px;\n}\n<\/style>\n<div  class='av-special-heading av-ltpymk7u-0607fd1d29bc1514159b1aaadd2780ad av-special-heading-h3 blockquote modern-quote  avia-builder-el-4  el_after_av_textblock  el_before_av_textblock '><h3 class='av-special-heading-tag'  itemprop=\"headline\"  >Soins<\/h3><div class=\"special-heading-border\"><div class=\"special-heading-inner-border\"><\/div><\/div><\/div><br \/>\n<section  class='av_textblock_section av-ltpymqsw-9c9b76873c0598371efcc0fa9bfb037c '   itemscope=\"itemscope\" itemtype=\"https:\/\/schema.org\/CreativeWork\" ><div class='avia_textblock'  itemprop=\"text\" ><p>Lors d&rsquo;un soin Reiki, le patient, v\u00eatu mais d\u00e9chauss\u00e9, est confortablement allong\u00e9 sur le dos. L&rsquo;\u00e9nergie curative du Reiki, canalis\u00e9e par le th\u00e9rapeute sous forme concentr\u00e9e et transmise par imposition des mains, p\u00e9n\u00e8tre dans le corps du sujet trait\u00e9 o\u00f9, selon son intelligence propre et au rythme du receveur, elle d\u00e9tecte et d\u00e9noue les noeuds \u00e9nerg\u00e9tiques, permettant la gu\u00e9rison. Le th\u00e9rapeute sert de canal \u00e0 l&rsquo;Energie de l&rsquo;Univers. Il ne donne pas sa propre \u00e9nergie. Il ne se produit donc chez lui aucune d\u00e9perdition. Il est au contraire simultan\u00e9ment \u00e9nerg\u00e9tis\u00e9. Diff\u00e9rentes techniques peuvent \u00eatre appliqu\u00e9es selon la nature du probl\u00e8me. Le soin de Restructuration Energ\u00e9tique se fait quant \u00e0 lui assis, face au praticien. Le receveur ferme les yeux et l&rsquo;\u00e9nergie est canalis\u00e9e vers ce dernier.<\/p>\n<p><b>DETAILS:<\/b><\/p>\n<p>Sur rendez-vous.<br \/>\nLieu: Bruxelles, 1190.<br \/>\nUne s\u00e9ance de soin dure 1 heure.<br \/>\nTarif: 80 euros.<br \/>\nTel: 0485 83 05 34.<\/p>\n<p>Ces soins ne se substituent \u00e0 aucun traitement m\u00e9dical.<\/p>\n<\/div><\/section><br \/>\n\n<style type=\"text\/css\" data-created_by=\"avia_inline_auto\" id=\"style-css-av-ltpyn53h-687323253067f48b00eca8cc5529ee66\">\n#top .av-special-heading.av-ltpyn53h-687323253067f48b00eca8cc5529ee66{\npadding-bottom:10px;\n}\nbody .av-special-heading.av-ltpyn53h-687323253067f48b00eca8cc5529ee66 .av-special-heading-tag .heading-char{\nfont-size:25px;\n}\n.av-special-heading.av-ltpyn53h-687323253067f48b00eca8cc5529ee66 .av-subheading{\nfont-size:15px;\n}\n<\/style>\n<div  class='av-special-heading av-ltpyn53h-687323253067f48b00eca8cc5529ee66 av-special-heading-h3 blockquote modern-quote  avia-builder-el-6  el_after_av_textblock  el_before_av_textblock '><h3 class='av-special-heading-tag'  itemprop=\"headline\"  >Initiations Reiki Usui et Reiki Karuna<\/h3><div class=\"special-heading-border\"><div class=\"special-heading-inner-border\"><\/div><\/div><\/div><br \/>\n<section  class='av_textblock_section av-ltpynhu8-6d8e9acbdb1b4602fc905996bd0b4f5f '   itemscope=\"itemscope\" itemtype=\"https:\/\/schema.org\/CreativeWork\" ><div class='avia_textblock'  itemprop=\"text\" ><p>Lors du processus d&rsquo;initiation, la personne re\u00e7oit une formation \u00e0 l&rsquo;outil \u00e9nerg\u00e9tique et peut ensuite (apr\u00e8s les 21 jours de purification) s&rsquo;en servir sur lui-m\u00eame et sur les autres s&rsquo;il le d\u00e9sire. Les initiations enclenchent un processus de nettoyage et de mutations profondes chez l&rsquo;initi\u00e9. On pourrait le comparer \u00e0 un soin permanent que la personne pourra ainsi s&rsquo;offrir.<\/p>\n<p>Les initiations se passent en g\u00e9n\u00e9ral en une journ\u00e9e, durant laquelle une formation th\u00e9orique et pratique et des rituels initiatiques se succ\u00e8dent. Vous trouverez ci-dessous les pr\u00e9requis \u00e0 chacune de ces initiations. A noter que les initiations au Reiki Karuna ne sont accessibles qu&rsquo;aux initi\u00e9s de 3\u00e8me degr\u00e9 Reiki Usui (cela s&rsquo;explique par la grande puissance \u00e9nerg\u00e9tique de l&rsquo;\u00e9nergie Karuna).<\/p>\n<p>J&rsquo;attire votre attention sur le caract\u00e8re sacr\u00e9 de ces initiations. Leurs effets sur les diff\u00e9rents aspects de la personne sont \u00e9normes. Suite \u00e0 la r\u00e9gularisation et au passage de cette nouvelle fr\u00e9quence \u00e9nerg\u00e9tique, l&rsquo;initi\u00e9 assistera peu \u00e0 peu \u00e0 sa propre gu\u00e9rison et \u00e0 une transformation qui le m\u00e8nera vers sa vraie identit\u00e9, son essence.<\/p>\n<p>A noter que chacune de ces initiations traite une couche de plus en plus profonde de l&rsquo;\u00eatre. Le premier degr\u00e9 Reiki Usui traite le corps physique, le deuxi\u00e8me traite le corps \u00e9motionnel et mental, le troisi\u00e8me le corps spirituel (connexion et communication avec son \u00e2me) et enfin le quatri\u00e8me vise \u00e0 former les ma\u00eetres qui auront ainsi la capacit\u00e9 d&rsquo;initier \u00e0 leur tour).<\/p>\n<p>Chacune des initiations est suivie de 21 jours de purification et de stabilisation de la nouvelle fr\u00e9quence au sein des diff\u00e9rentes couches \u00e9nerg\u00e9tiques dont nous sommes constitu\u00e9s.<\/p>\n<p>Vous trouverez ci-dessous les prix des initiations Reiki Usui. Je vous indique le prix de chaque initiation (degr\u00e9), vous noterez cependant qu&rsquo;il n&rsquo;est en rien obligatoire de faire toutes les initiations. La plupart des gens font la premi\u00e8re ou la deuxi\u00e8me. Les plus engag\u00e9s pourront suivre la troisi\u00e8me et -si cela fait partie de leur mission de vie- la quatri\u00e8me afin de devenir ma\u00eetre-enseignant.<\/p>\n<p>Dans tous les cas, chacune de ces initiations fera de vous une personne plus \u00e9quilibr\u00e9e, plus forte, tant au niveau physique (via le renforcement du syst\u00e8me immunitaire) qu&rsquo;au niveau mental et \u00e9motionnel (facult\u00e9 de se recentrer beaucoup plus vite). Ceux qui suivent une voie spirituelle plus avanc\u00e9e tireront, quant \u00e0 eux, de grandes satisfactions des niveaux suivants qui les mettront en contact avec leur identit\u00e9 sup\u00e9rieure.<\/p>\n<p><b>DETAILS:<\/b><\/p>\n<p>Sur rendez-vous.<br \/>\nLieu: Bruxelles, 1190.<\/p>\n<\/div><\/section><br \/>\n\n<style type=\"text\/css\" data-created_by=\"avia_inline_auto\" id=\"style-css-av-ltpynxge-39ff301609e83283d74b6dcc9282bcd0\">\n#top .av-special-heading.av-ltpynxge-39ff301609e83283d74b6dcc9282bcd0{\npadding-bottom:10px;\n}\nbody .av-special-heading.av-ltpynxge-39ff301609e83283d74b6dcc9282bcd0 .av-special-heading-tag .heading-char{\nfont-size:25px;\n}\n.av-special-heading.av-ltpynxge-39ff301609e83283d74b6dcc9282bcd0 .av-subheading{\nfont-size:15px;\n}\n<\/style>\n<div  class='av-special-heading av-ltpynxge-39ff301609e83283d74b6dcc9282bcd0 av-special-heading-h3 blockquote modern-quote  avia-builder-el-8  el_after_av_textblock  el_before_av_textblock '><h3 class='av-special-heading-tag'  itemprop=\"headline\"  >Tarifs initiations Reiki Usui<\/h3><div class=\"special-heading-border\"><div class=\"special-heading-inner-border\"><\/div><\/div><\/div><br \/>\n<section  class='av_textblock_section av-ltpypbr6-015afe18c160f2988fe4e7d8738031c6 '   itemscope=\"itemscope\" itemtype=\"https:\/\/schema.org\/CreativeWork\" ><div class='avia_textblock'  itemprop=\"text\" ><p>Les initiations se font en individuel et sont adapt\u00e9es \u00e0 chaque futur initi\u00e9.<\/p>\n<p>Contactez-moi pour les tarifs.<\/p>\n<p>Tel: 0485 83 05 34.<\/p>\n<\/div><\/section><\/p><\/div>\n","protected":false},"excerpt":{"rendered":"","protected":false},"author":1,"featured_media":0,"parent":0,"menu_order":0,"comment_status":"closed","ping_status":"closed","template":"","meta":{"footnotes":""},"class_list":["post-78","page","type-page","status-publish","hentry"],"_links":{"self":[{"href":"https:\/\/www.soinsomega.com\/index.php?rest_route=\/wp\/v2\/pages\/78","targetHints":{"allow":["GET"]}}],"collection":[{"href":"https:\/\/www.soinsomega.com\/index.php?rest_route=\/wp\/v2\/pages"}],"about":[{"href":"https:\/\/www.soinsomega.com\/index.php?rest_route=\/wp\/v2\/types\/page"}],"author":[{"embeddable":true,"href":"https:\/\/www.soinsomega.com\/index.php?rest_route=\/wp\/v2\/users\/1"}],"replies":[{"embeddable":true,"href":"https:\/\/www.soinsomega.com\/index.php?rest_route=%2Fwp%2Fv2%2Fcomments&post=78"}],"version-history":[{"count":2,"href":"https:\/\/www.soinsomega.com\/index.php?rest_route=\/wp\/v2\/pages\/78\/revisions"}],"predecessor-version":[{"id":82,"href":"https:\/\/www.soinsomega.com\/index.php?rest_route=\/wp\/v2\/pages\/78\/revisions\/82"}],"wp:attachment":[{"href":"https:\/\/www.soinsomega.com\/index.php?rest_route=%2Fwp%2Fv2%2Fmedia&parent=78"}],"curies":[{"name":"wp","href":"https:\/\/api.w.org\/{rel}","templated":true}]}}